{"id":5950,"date":"2025-04-17T08:51:45","date_gmt":"2025-04-17T08:51:45","guid":{"rendered":"https:\/\/fchnevotin.cz\/?page_id=5950"},"modified":"2025-04-30T05:39:30","modified_gmt":"2025-04-30T05:39:30","slug":"rozpisy-zapasu-mala-kopana","status":"publish","type":"page","link":"https:\/\/fchnevotin.cz\/?page_id=5950","title":{"rendered":"Rozpisy z\u00e1pas\u016f &#8211; mal\u00e1 kopan\u00e1"},"content":{"rendered":"<p><a href=\"https:\/\/fchnevotin.cz\/?attachment_id=5945\" rel=\"attachment wp-att-5945\"><img loading=\"lazy\" decoding=\"async\" class=\"aligncenter wp-image-5945 size-large\" src=\"https:\/\/fchnevotin.cz\/wp-content\/uploads\/2025\/04\/Rozpis-dom\u00e1c\u00edch-utk\u00e1n\u00ed-mal\u00e9ho-fotbalu-1-1024x724.png\" alt=\"\" width=\"960\" height=\"679\" srcset=\"https:\/\/fchnevotin.cz\/wp-content\/uploads\/2025\/04\/Rozpis-dom\u00e1c\u00edch-utk\u00e1n\u00ed-mal\u00e9ho-fotbalu-1-1024x724.png 1024w, https:\/\/fchnevotin.cz\/wp-content\/uploads\/2025\/04\/Rozpis-dom\u00e1c\u00edch-utk\u00e1n\u00ed-mal\u00e9ho-fotbalu-1-300x212.png 300w, https:\/\/fchnevotin.cz\/wp-content\/uploads\/2025\/04\/Rozpis-dom\u00e1c\u00edch-utk\u00e1n\u00ed-mal\u00e9ho-fotbalu-1-768x543.png 768w\" sizes=\"auto, (max-width: 960px) 100vw, 960px\" \/><\/a><\/p>\n","protected":false},"excerpt":{"rendered":"","protected":false},"author":2,"featured_media":0,"parent":0,"menu_order":0,"comment_status":"closed","ping_status":"closed","template":"","meta":{"_mo_disable_npp":"","footnotes":""},"class_list":["post-5950","page","type-page","status-publish","hentry"],"_links":{"self":[{"href":"https:\/\/fchnevotin.cz\/index.php?rest_route=\/wp\/v2\/pages\/5950","targetHints":{"allow":["GET"]}}],"collection":[{"href":"https:\/\/fchnevotin.cz\/index.php?rest_route=\/wp\/v2\/pages"}],"about":[{"href":"https:\/\/fchnevotin.cz\/index.php?rest_route=\/wp\/v2\/types\/page"}],"author":[{"embeddable":true,"href":"https:\/\/fchnevotin.cz\/index.php?rest_route=\/wp\/v2\/users\/2"}],"replies":[{"embeddable":true,"href":"https:\/\/fchnevotin.cz\/index.php?rest_route=%2Fwp%2Fv2%2Fcomments&post=5950"}],"version-history":[{"count":2,"href":"https:\/\/fchnevotin.cz\/index.php?rest_route=\/wp\/v2\/pages\/5950\/revisions"}],"predecessor-version":[{"id":5974,"href":"https:\/\/fchnevotin.cz\/index.php?rest_route=\/wp\/v2\/pages\/5950\/revisions\/5974"}],"wp:attachment":[{"href":"https:\/\/fchnevotin.cz\/index.php?rest_route=%2Fwp%2Fv2%2Fmedia&parent=5950"}],"curies":[{"name":"wp","href":"https:\/\/api.w.org\/{rel}","templated":true}]}}