{"id":5213,"date":"2022-09-06T17:06:38","date_gmt":"2022-09-06T17:06:38","guid":{"rendered":"https:\/\/fchnevotin.cz\/?page_id=5213"},"modified":"2022-09-06T17:06:38","modified_gmt":"2022-09-06T17:06:38","slug":"mladsi-zaci-aktuality","status":"publish","type":"page","link":"https:\/\/fchnevotin.cz\/?page_id=5213","title":{"rendered":"Mlad\u0161\u00ed \u017e\u00e1ci aktuality"},"content":{"rendered":"","protected":false},"excerpt":{"rendered":"","protected":false},"author":2,"featured_media":0,"parent":0,"menu_order":0,"comment_status":"closed","ping_status":"closed","template":"","meta":{"_mo_disable_npp":"","footnotes":""},"class_list":["post-5213","page","type-page","status-publish","hentry"],"_links":{"self":[{"href":"https:\/\/fchnevotin.cz\/index.php?rest_route=\/wp\/v2\/pages\/5213","targetHints":{"allow":["GET"]}}],"collection":[{"href":"https:\/\/fchnevotin.cz\/index.php?rest_route=\/wp\/v2\/pages"}],"about":[{"href":"https:\/\/fchnevotin.cz\/index.php?rest_route=\/wp\/v2\/types\/page"}],"author":[{"embeddable":true,"href":"https:\/\/fchnevotin.cz\/index.php?rest_route=\/wp\/v2\/users\/2"}],"replies":[{"embeddable":true,"href":"https:\/\/fchnevotin.cz\/index.php?rest_route=%2Fwp%2Fv2%2Fcomments&post=5213"}],"version-history":[{"count":1,"href":"https:\/\/fchnevotin.cz\/index.php?rest_route=\/wp\/v2\/pages\/5213\/revisions"}],"predecessor-version":[{"id":5214,"href":"https:\/\/fchnevotin.cz\/index.php?rest_route=\/wp\/v2\/pages\/5213\/revisions\/5214"}],"wp:attachment":[{"href":"https:\/\/fchnevotin.cz\/index.php?rest_route=%2Fwp%2Fv2%2Fmedia&parent=5213"}],"curies":[{"name":"wp","href":"https:\/\/api.w.org\/{rel}","templated":true}]}}