{"id":4618,"date":"2020-08-09T15:36:05","date_gmt":"2020-08-09T15:36:05","guid":{"rendered":"https:\/\/fchnevotin.cz\/?page_id=4618"},"modified":"2025-04-30T06:03:41","modified_gmt":"2025-04-30T06:03:41","slug":"hnevotinsky-hrnec-2020-tabulky-o-konecne-umisteni","status":"publish","type":"page","link":"https:\/\/fchnevotin.cz\/?page_id=4618","title":{"rendered":"Hn\u011bvot\u00ednsk\u00fd hrnec 2020 &#8211; tabulky a kone\u010dn\u00e9 um\u00edst\u011bn\u00ed"},"content":{"rendered":"<p><a href=\"https:\/\/fchnevotin.cz\/?attachment_id=4838\" rel=\"attachment wp-att-4838\"><img loading=\"lazy\" decoding=\"async\" class=\"alignnone wp-image-4838 size-large\" src=\"https:\/\/fchnevotin.cz\/wp-content\/uploads\/2020\/08\/Hrnec2020_1-10-1-1024x551.png\" alt=\"\" width=\"960\" height=\"517\" srcset=\"https:\/\/fchnevotin.cz\/wp-content\/uploads\/2020\/08\/Hrnec2020_1-10-1-1024x551.png 1024w, https:\/\/fchnevotin.cz\/wp-content\/uploads\/2020\/08\/Hrnec2020_1-10-1-300x161.png 300w, https:\/\/fchnevotin.cz\/wp-content\/uploads\/2020\/08\/Hrnec2020_1-10-1-768x413.png 768w\" sizes=\"auto, (max-width: 960px) 100vw, 960px\" \/><\/a><a href=\"https:\/\/fchnevotin.cz\/?attachment_id=4837\" rel=\"attachment wp-att-4837\"><img loading=\"lazy\" decoding=\"async\" class=\"alignnone wp-image-4837 size-large\" src=\"https:\/\/fchnevotin.cz\/wp-content\/uploads\/2020\/08\/Hrnec2020_11_20-1-1024x547.png\" alt=\"\" width=\"960\" height=\"513\" srcset=\"https:\/\/fchnevotin.cz\/wp-content\/uploads\/2020\/08\/Hrnec2020_11_20-1-1024x547.png 1024w, https:\/\/fchnevotin.cz\/wp-content\/uploads\/2020\/08\/Hrnec2020_11_20-1-300x160.png 300w, https:\/\/fchnevotin.cz\/wp-content\/uploads\/2020\/08\/Hrnec2020_11_20-1-768x410.png 768w\" sizes=\"auto, (max-width: 960px) 100vw, 960px\" \/><\/a><\/p>\n","protected":false},"excerpt":{"rendered":"","protected":false},"author":2,"featured_media":0,"parent":0,"menu_order":0,"comment_status":"closed","ping_status":"closed","template":"","meta":{"_mo_disable_npp":"","footnotes":""},"class_list":["post-4618","page","type-page","status-publish","hentry"],"_links":{"self":[{"href":"https:\/\/fchnevotin.cz\/index.php?rest_route=\/wp\/v2\/pages\/4618","targetHints":{"allow":["GET"]}}],"collection":[{"href":"https:\/\/fchnevotin.cz\/index.php?rest_route=\/wp\/v2\/pages"}],"about":[{"href":"https:\/\/fchnevotin.cz\/index.php?rest_route=\/wp\/v2\/types\/page"}],"author":[{"embeddable":true,"href":"https:\/\/fchnevotin.cz\/index.php?rest_route=\/wp\/v2\/users\/2"}],"replies":[{"embeddable":true,"href":"https:\/\/fchnevotin.cz\/index.php?rest_route=%2Fwp%2Fv2%2Fcomments&post=4618"}],"version-history":[{"count":5,"href":"https:\/\/fchnevotin.cz\/index.php?rest_route=\/wp\/v2\/pages\/4618\/revisions"}],"predecessor-version":[{"id":5996,"href":"https:\/\/fchnevotin.cz\/index.php?rest_route=\/wp\/v2\/pages\/4618\/revisions\/5996"}],"wp:attachment":[{"href":"https:\/\/fchnevotin.cz\/index.php?rest_route=%2Fwp%2Fv2%2Fmedia&parent=4618"}],"curies":[{"name":"wp","href":"https:\/\/api.w.org\/{rel}","templated":true}]}}