{"id":4545,"date":"2020-05-31T15:40:16","date_gmt":"2020-05-31T15:40:16","guid":{"rendered":"https:\/\/fchnevotin.cz\/?page_id=4545"},"modified":"2020-05-31T15:40:16","modified_gmt":"2020-05-31T15:40:16","slug":"hnevotinsky-hrnec-2020-rozlosovani-do-skupin","status":"publish","type":"page","link":"https:\/\/fchnevotin.cz\/?page_id=4545","title":{"rendered":"Hn\u011bvot\u00ednsk\u00fd hrnec 2020 &#8211; rozlosov\u00e1n\u00ed do skupin"},"content":{"rendered":"<p><strong>HN\u011aVOT\u00cdNSK\u00dd HRNEC 2020.<\/strong><\/p>\n<p>V ned\u011bli 3. kv\u011btna byl na tenisov\u00fdch kurtech zah\u00e1jen 5. ro\u010dn\u00edk tenisov\u00e9 sout\u011b\u017ee dvojic Hn\u011bvot\u00ednsk\u00fd HRNEC 2020.<\/p>\n<p>Do leto\u0161n\u00edho ro\u010dn\u00edku se p\u0159ihl\u00e1sil rekordn\u00ed po\u010det 20 p\u00e1r\u016f, kter\u00e9 byly rozd\u011bleny do dvou skupin, \u010derven\u00e9 a modr\u00e9 takto:<\/p>\n<p>&nbsp;<\/p>\n<p><span style=\"color: #ff0000;\"><strong>\u010cERVEN\u00c1 SKUPINA<\/strong><\/span>\u00a0 \u00a0 \u00a0 \u00a0 \u00a0 \u00a0 \u00a0 \u00a0 \u00a0 \u00a0 \u00a0 \u00a0 \u00a0 \u00a0 \u00a0 \u00a0 \u00a0 \u00a0 \u00a0 \u00a0 \u00a0 \u00a0 \u00a0 \u00a0<span style=\"color: #0000ff;\"><strong>MODR\u00c1 SKUPINA<\/strong><\/span><\/p>\n<p>Opravil Ji\u0159\u00ed &#8211; Opravil Ond\u0159ej\u00a0 \u00a0 \u00a0 \u00a0 \u00a0 \u00a0 \u00a0 \u00a0 \u00a0 \u00a0 \u00a0 \u00a0 \u00a0 \u00a0 \u00a0 \u00a0 \u00a0 Hejtman Pavel &#8211; Hul\u00edk Daniel<\/p>\n<p>Brachtel Karel &#8211; Lo\u0161\u0165\u00e1k Ivo\u00a0 \u00a0 \u00a0 \u00a0 \u00a0 \u00a0 \u00a0 \u00a0 \u00a0 \u00a0 \u00a0 \u00a0 \u00a0 \u00a0 \u00a0 \u00a0 \u00a0 \u00a0 Dole\u017eal Mojm\u00edr &#8211; \u0160ulc Ji\u0159\u00ed<\/p>\n<p>Heider Jan &#8211; Volmut Martin\u00a0 \u00a0 \u00a0 \u00a0 \u00a0 \u00a0 \u00a0 \u00a0 \u00a0 \u00a0 \u00a0 \u00a0 \u00a0 \u00a0 \u00a0 \u00a0 \u00a0 \u00a0Houska David &#8211; Sva\u010dek Ond\u0159ej<\/p>\n<p>\u010cern\u00fd Ivo &#8211; Filk\u00e1sz Petr\u00a0 \u00a0 \u00a0 \u00a0 \u00a0 \u00a0 \u00a0 \u00a0 \u00a0 \u00a0 \u00a0 \u00a0 \u00a0 \u00a0 \u00a0 \u00a0 \u00a0 \u00a0 \u00a0 \u00a0 \u00a0 \u00a0Krikel Josef &#8211; \u0160vec Jan<\/p>\n<p>Navr\u00e1tilov\u00e1 Kate\u0159ina &#8211; Navr\u00e1til Radek \u00a0 \u00a0 \u00a0 \u00a0 \u00a0 \u00a0 \u00a0 \u00a0\u00a0 Krytin\u00e1\u0159 Pavel &#8211; Zatloukal Ji\u0159\u00ed<\/p>\n<p>Jan\u00e1k Adam &#8211; Jan\u00e1k Boris\u00a0 \u00a0 \u00a0 \u00a0 \u00a0 \u00a0 \u00a0 \u00a0 \u00a0 \u00a0 \u00a0 \u00a0 \u00a0 \u00a0 \u00a0 \u00a0 \u00a0 \u00a0 \u00a0 \u00a0 Ambro\u017e Jaroslav &#8211; Dost\u00e1l Jan<\/p>\n<p>Ku\u010derka Leo\u0161 &#8211; Mur\u00e1nyi Zolt\u00e1n\u00a0 \u00a0 \u00a0 \u00a0 \u00a0 \u00a0 \u00a0 \u00a0 \u00a0 \u00a0 \u00a0 \u00a0 \u00a0 \u00a0 \u00a0 Krej\u010d\u00ed Milan &#8211; Krej\u010d\u00ed Petr<\/p>\n<p>Hynek Roman &#8211; Hynek Zden\u011bk\u00a0 \u00a0 \u00a0 \u00a0 \u00a0 \u00a0 \u00a0 \u00a0 \u00a0 \u00a0 \u00a0 \u00a0 \u00a0 \u00a0 \u00a0 \u00a0Edl Jan &#8211; Edl Michal<\/p>\n<p>Kr\u0161\u0148\u00e1k Michal &#8211; Vebr Tom\u00e1\u0161\u00a0 \u00a0 \u00a0 \u00a0 \u00a0 \u00a0 \u00a0 \u00a0 \u00a0 \u00a0 \u00a0 \u00a0 \u00a0 \u00a0 \u00a0 \u00a0 \u00a0 \u00a0Hykel Jaroslav &#8211; Navr\u00e1til Roman<\/p>\n<p>Breznick\u00fd Anton\u00edn &#8211; Sova Filip\u00a0 \u00a0 \u00a0 \u00a0 \u00a0 \u00a0 \u00a0 \u00a0 \u00a0 \u00a0 \u00a0 \u00a0 \u00a0 \u00a0 \u00a0 \u00a0 \u00a0Sovov\u00e1 Jitka &#8211; Sova Ji\u0159\u00ed<\/p>\n<p>&nbsp;<\/p>\n<p>Hern\u00ed syst\u00e9m v z\u00e1kladn\u00edch skupin\u00e1ch z\u016fstal stejn\u00fd jako v minul\u00fdch letech, tzn. \u017ee se ve skupin\u00e1ch hraje syst\u00e9mem ka\u017ed\u00fd s ka\u017ed\u00fdm na dva v\u00edt\u011bzn\u00e9 sety, prvn\u00ed a druh\u00fd set se hraj\u00ed do tie-breaku, p\u0159\u00edpadn\u00fd t\u0159et\u00ed set pak mus\u00ed b\u00fdt rozhodnut rozd\u00edlem dvou gam\u016f. Ve skupin\u00e1ch by tedy m\u011blo b\u00fdt odehr\u00e1no celkem 90 utk\u00e1n\u00ed. Za v\u00edt\u011bzstv\u00ed se do tabulky p\u0159ipisuje jeden bod. Krit\u00e9ria pro po\u0159ad\u00ed v tabulce jsou n\u00e1sleduj\u00edc\u00ed:<\/p>\n<ol>\n<li>po\u010det bod\u016f<\/li>\n<li>rozd\u00edl set\u016f<\/li>\n<li>rozd\u00edl gam\u016f<\/li>\n<li>vz\u00e1jemn\u00fd z\u00e1pas.<\/li>\n<\/ol>\n<p>O syst\u00e9mu pro druhou \u010d\u00e1st sout\u011b\u017ee bude teprve rozhodnuto.<\/p>\n","protected":false},"excerpt":{"rendered":"<p>HN\u011aVOT\u00cdNSK\u00dd HRNEC 2020. V ned\u011bli 3. kv\u011btna byl na tenisov\u00fdch kurtech zah\u00e1jen 5. ro\u010dn\u00edk tenisov\u00e9 sout\u011b\u017ee dvojic Hn\u011bvot\u00ednsk\u00fd HRNEC 2020. Do leto\u0161n\u00edho ro\u010dn\u00edku se p\u0159ihl\u00e1sil rekordn\u00ed po\u010det 20 p\u00e1r\u016f, kter\u00e9 byly rozd\u011bleny do dvou skupin, \u010derven\u00e9 a modr\u00e9 takto: &nbsp; \u010cERVEN\u00c1 SKUPINA\u00a0 \u00a0 \u00a0 \u00a0 \u00a0 \u00a0 \u00a0 \u00a0 \u00a0 \u00a0 \u00a0 \u00a0 \u00a0 \u00a0&#8230; <\/p>\n<div class=\"clear\"><\/div>\n<p><a href=\"https:\/\/fchnevotin.cz\/?page_id=4545\" class=\"excerpt-read-more\">\u010ct\u011bte v\u00edce<\/a><\/p>\n","protected":false},"author":2,"featured_media":0,"parent":0,"menu_order":0,"comment_status":"closed","ping_status":"closed","template":"","meta":{"_mo_disable_npp":"","footnotes":""},"class_list":["post-4545","page","type-page","status-publish","hentry"],"_links":{"self":[{"href":"https:\/\/fchnevotin.cz\/index.php?rest_route=\/wp\/v2\/pages\/4545","targetHints":{"allow":["GET"]}}],"collection":[{"href":"https:\/\/fchnevotin.cz\/index.php?rest_route=\/wp\/v2\/pages"}],"about":[{"href":"https:\/\/fchnevotin.cz\/index.php?rest_route=\/wp\/v2\/types\/page"}],"author":[{"embeddable":true,"href":"https:\/\/fchnevotin.cz\/index.php?rest_route=\/wp\/v2\/users\/2"}],"replies":[{"embeddable":true,"href":"https:\/\/fchnevotin.cz\/index.php?rest_route=%2Fwp%2Fv2%2Fcomments&post=4545"}],"version-history":[{"count":10,"href":"https:\/\/fchnevotin.cz\/index.php?rest_route=\/wp\/v2\/pages\/4545\/revisions"}],"predecessor-version":[{"id":4557,"href":"https:\/\/fchnevotin.cz\/index.php?rest_route=\/wp\/v2\/pages\/4545\/revisions\/4557"}],"wp:attachment":[{"href":"https:\/\/fchnevotin.cz\/index.php?rest_route=%2Fwp%2Fv2%2Fmedia&parent=4545"}],"curies":[{"name":"wp","href":"https:\/\/api.w.org\/{rel}","templated":true}]}}