{"id":4496,"date":"2020-03-11T19:17:04","date_gmt":"2020-03-11T19:17:04","guid":{"rendered":"https:\/\/fchnevotin.cz\/?page_id=4496"},"modified":"2025-05-06T12:19:50","modified_gmt":"2025-05-06T12:19:50","slug":"vykonny-vybor","status":"publish","type":"page","link":"https:\/\/fchnevotin.cz\/?page_id=4496","title":{"rendered":"V\u00fdkonn\u00fd v\u00fdbor"},"content":{"rendered":"<h1 align=\"center\"><strong>V\u00fdkonn\u00fd v\u00fdbor TJ FC Hn\u011bvot\u00edn<\/strong><\/h1>\n<p>&nbsp;<\/p>\n<p style=\"text-align: center;\">Jan \u0160ulc &#8211; p\u0159edseda<\/p>\n<p style=\"text-align: center;\">Krej\u010d\u00ed Milan &#8211; sekret\u00e1\u0159<\/p>\n<p style=\"text-align: center;\">Banasinski P\u0159emysl &#8211; hospod\u00e1\u0159<\/p>\n<p style=\"text-align: center;\">Ma\u010d\u00e1k Vladim\u00edr &#8211; \u010dlen v\u00fdboru<\/p>\n<p style=\"text-align: center;\">Krikel Josef\u00a0&#8211; \u010dlen v\u00fdboru<\/p>\n<p style=\"text-align: center;\">Heider Jan\u00a0\u00a0&#8211; \u010dlen v\u00fdboru<\/p>\n<p style=\"text-align: center;\">Navr\u00e1til Radek\u00a0\u00a0&#8211; \u010dlen v\u00fdboru<\/p>\n<p style=\"text-align: center;\">\u0160ulc Ji\u0159\u00ed\u00a0\u00a0&#8211; \u010dlen v\u00fdboru<\/p>\n<p>&nbsp;<\/p>\n","protected":false},"excerpt":{"rendered":"<p>V\u00fdkonn\u00fd v\u00fdbor TJ FC Hn\u011bvot\u00edn &nbsp; Jan \u0160ulc &#8211; p\u0159edseda Krej\u010d\u00ed Milan &#8211; sekret\u00e1\u0159 Banasinski P\u0159emysl &#8211; hospod\u00e1\u0159 Ma\u010d\u00e1k Vladim\u00edr &#8211; \u010dlen v\u00fdboru Krikel Josef\u00a0&#8211; \u010dlen v\u00fdboru Heider Jan\u00a0\u00a0&#8211; \u010dlen v\u00fdboru Navr\u00e1til Radek\u00a0\u00a0&#8211; \u010dlen v\u00fdboru \u0160ulc Ji\u0159\u00ed\u00a0\u00a0&#8211; \u010dlen v\u00fdboru &nbsp;<\/p>\n","protected":false},"author":2,"featured_media":0,"parent":0,"menu_order":0,"comment_status":"closed","ping_status":"closed","template":"","meta":{"_mo_disable_npp":"","footnotes":""},"class_list":["post-4496","page","type-page","status-publish","hentry"],"_links":{"self":[{"href":"https:\/\/fchnevotin.cz\/index.php?rest_route=\/wp\/v2\/pages\/4496","targetHints":{"allow":["GET"]}}],"collection":[{"href":"https:\/\/fchnevotin.cz\/index.php?rest_route=\/wp\/v2\/pages"}],"about":[{"href":"https:\/\/fchnevotin.cz\/index.php?rest_route=\/wp\/v2\/types\/page"}],"author":[{"embeddable":true,"href":"https:\/\/fchnevotin.cz\/index.php?rest_route=\/wp\/v2\/users\/2"}],"replies":[{"embeddable":true,"href":"https:\/\/fchnevotin.cz\/index.php?rest_route=%2Fwp%2Fv2%2Fcomments&post=4496"}],"version-history":[{"count":7,"href":"https:\/\/fchnevotin.cz\/index.php?rest_route=\/wp\/v2\/pages\/4496\/revisions"}],"predecessor-version":[{"id":6032,"href":"https:\/\/fchnevotin.cz\/index.php?rest_route=\/wp\/v2\/pages\/4496\/revisions\/6032"}],"wp:attachment":[{"href":"https:\/\/fchnevotin.cz\/index.php?rest_route=%2Fwp%2Fv2%2Fmedia&parent=4496"}],"curies":[{"name":"wp","href":"https:\/\/api.w.org\/{rel}","templated":true}]}}