{"id":4395,"date":"2019-09-22T13:46:01","date_gmt":"2019-09-22T13:46:01","guid":{"rendered":"https:\/\/fchnevotin.cz\/?page_id=4395"},"modified":"2025-04-30T06:01:06","modified_gmt":"2025-04-30T06:01:06","slug":"hnevotinsky-hrnec-2019-skupiny-vysledky","status":"publish","type":"page","link":"https:\/\/fchnevotin.cz\/?page_id=4395","title":{"rendered":"Hn\u011bvot\u00ednsk\u00fd hrnec 2019 &#8211; skupiny v\u00fdsledky"},"content":{"rendered":"<p><a href=\"https:\/\/fchnevotin.cz\/wp-content\/uploads\/2019\/09\/HH-2019-\u010derven\u00e1-skupina-kone\u010dn\u00e9-v\u00fdsledky-1.png\"><img loading=\"lazy\" decoding=\"async\" class=\"aligncenter wp-image-4396 size-large\" src=\"https:\/\/fchnevotin.cz\/wp-content\/uploads\/2019\/09\/HH-2019-\u010derven\u00e1-skupina-kone\u010dn\u00e9-v\u00fdsledky-1-1024x724.png\" alt=\"\" width=\"960\" height=\"679\" srcset=\"https:\/\/fchnevotin.cz\/wp-content\/uploads\/2019\/09\/HH-2019-\u010derven\u00e1-skupina-kone\u010dn\u00e9-v\u00fdsledky-1-1024x724.png 1024w, https:\/\/fchnevotin.cz\/wp-content\/uploads\/2019\/09\/HH-2019-\u010derven\u00e1-skupina-kone\u010dn\u00e9-v\u00fdsledky-1-300x212.png 300w, https:\/\/fchnevotin.cz\/wp-content\/uploads\/2019\/09\/HH-2019-\u010derven\u00e1-skupina-kone\u010dn\u00e9-v\u00fdsledky-1-768x543.png 768w\" sizes=\"auto, (max-width: 960px) 100vw, 960px\" \/><\/a><\/p>\n<p><a href=\"https:\/\/fchnevotin.cz\/wp-content\/uploads\/2019\/09\/HH-2019-modr\u00e1-skupina-kone\u010dn\u00e9-v\u00fdsledky-1.png\"><img loading=\"lazy\" decoding=\"async\" class=\"wp-image-4397 aligncenter\" src=\"https:\/\/fchnevotin.cz\/wp-content\/uploads\/2019\/09\/HH-2019-modr\u00e1-skupina-kone\u010dn\u00e9-v\u00fdsledky-1-300x212.png\" alt=\"\" width=\"1358\" height=\"960\" srcset=\"https:\/\/fchnevotin.cz\/wp-content\/uploads\/2019\/09\/HH-2019-modr\u00e1-skupina-kone\u010dn\u00e9-v\u00fdsledky-1-300x212.png 300w, https:\/\/fchnevotin.cz\/wp-content\/uploads\/2019\/09\/HH-2019-modr\u00e1-skupina-kone\u010dn\u00e9-v\u00fdsledky-1-768x543.png 768w, https:\/\/fchnevotin.cz\/wp-content\/uploads\/2019\/09\/HH-2019-modr\u00e1-skupina-kone\u010dn\u00e9-v\u00fdsledky-1-1024x724.png 1024w\" sizes=\"auto, (max-width: 1358px) 100vw, 1358px\" \/><\/a><\/p>\n","protected":false},"excerpt":{"rendered":"","protected":false},"author":2,"featured_media":0,"parent":0,"menu_order":0,"comment_status":"closed","ping_status":"closed","template":"","meta":{"_mo_disable_npp":"","footnotes":""},"class_list":["post-4395","page","type-page","status-publish","hentry"],"_links":{"self":[{"href":"https:\/\/fchnevotin.cz\/index.php?rest_route=\/wp\/v2\/pages\/4395","targetHints":{"allow":["GET"]}}],"collection":[{"href":"https:\/\/fchnevotin.cz\/index.php?rest_route=\/wp\/v2\/pages"}],"about":[{"href":"https:\/\/fchnevotin.cz\/index.php?rest_route=\/wp\/v2\/types\/page"}],"author":[{"embeddable":true,"href":"https:\/\/fchnevotin.cz\/index.php?rest_route=\/wp\/v2\/users\/2"}],"replies":[{"embeddable":true,"href":"https:\/\/fchnevotin.cz\/index.php?rest_route=%2Fwp%2Fv2%2Fcomments&post=4395"}],"version-history":[{"count":3,"href":"https:\/\/fchnevotin.cz\/index.php?rest_route=\/wp\/v2\/pages\/4395\/revisions"}],"predecessor-version":[{"id":5993,"href":"https:\/\/fchnevotin.cz\/index.php?rest_route=\/wp\/v2\/pages\/4395\/revisions\/5993"}],"wp:attachment":[{"href":"https:\/\/fchnevotin.cz\/index.php?rest_route=%2Fwp%2Fv2%2Fmedia&parent=4395"}],"curies":[{"name":"wp","href":"https:\/\/api.w.org\/{rel}","templated":true}]}}