{"id":4243,"date":"2019-04-26T20:18:53","date_gmt":"2019-04-26T20:18:53","guid":{"rendered":"https:\/\/fchnevotin.cz\/?page_id=4243"},"modified":"2025-04-30T06:15:05","modified_gmt":"2025-04-30T06:15:05","slug":"plazovy-volejbal","status":"publish","type":"page","link":"https:\/\/fchnevotin.cz\/?page_id=4243","title":{"rendered":"Pl\u00e1\u017eov\u00fd volejbal"},"content":{"rendered":"<p style=\"text-align: center;\">Mo\u017enost hran\u00ed pl\u00e1\u017eov\u00e9ho volejbalu na\u00a0p\u00edskov\u00e9m h\u0159i\u0161ti v are\u00e1lu TJ FC Hn\u011bvot\u00edn.<\/p>\n<p style=\"text-align: center;\">H\u0159i\u0161t\u011b na\u00a0pl\u00e1\u017eov\u00fd volejbal je mo\u017eno pronajmout v rezeva\u010dn\u00edm syst\u00e9mu TJ FC Hn\u011bvot\u00edn. Cena 40 k\u010d za 1\/2 hodiny.<\/p>\n<p style=\"text-align: center;\"><a href=\"https:\/\/fc-hnevotin.rezervacnik.cz\/cs\/show-calendar\/6\/volejbal\/\">https:\/\/fc-hnevotin.rezervacnik.cz\/cs\/show-calendar\/6\/volejbal\/<\/a><\/p>\n<p style=\"text-align: center;\">Dlouhodob\u00e9 rezervace jen po dohod\u011b s TJ FC Hn\u011bvot\u00edn. Pro v\u00edce informac\u00ed kontaktujte na \u010d\u00edsle : 733505886<\/p>\n<p style=\"text-align: center;\"><a href=\"https:\/\/fchnevotin.cz\/wp-content\/uploads\/2019\/04\/HristeVolejbal.jpg\"><img loading=\"lazy\" decoding=\"async\" class=\"alignnone wp-image-4244 size-full\" src=\"https:\/\/fchnevotin.cz\/wp-content\/uploads\/2019\/04\/HristeVolejbal.jpg\" alt=\"\" width=\"992\" height=\"744\" srcset=\"https:\/\/fchnevotin.cz\/wp-content\/uploads\/2019\/04\/HristeVolejbal.jpg 992w, https:\/\/fchnevotin.cz\/wp-content\/uploads\/2019\/04\/HristeVolejbal-300x225.jpg 300w, https:\/\/fchnevotin.cz\/wp-content\/uploads\/2019\/04\/HristeVolejbal-768x576.jpg 768w, https:\/\/fchnevotin.cz\/wp-content\/uploads\/2019\/04\/HristeVolejbal-400x300.jpg 400w\" sizes=\"auto, (max-width: 992px) 100vw, 992px\" \/><\/a><\/p>\n","protected":false},"excerpt":{"rendered":"<p>Mo\u017enost hran\u00ed pl\u00e1\u017eov\u00e9ho volejbalu na\u00a0p\u00edskov\u00e9m h\u0159i\u0161ti v are\u00e1lu TJ FC Hn\u011bvot\u00edn. H\u0159i\u0161t\u011b na\u00a0pl\u00e1\u017eov\u00fd volejbal je mo\u017eno pronajmout v rezeva\u010dn\u00edm syst\u00e9mu TJ FC Hn\u011bvot\u00edn. Cena 40 k\u010d za 1\/2 hodiny. https:\/\/fc-hnevotin.rezervacnik.cz\/cs\/show-calendar\/6\/volejbal\/ Dlouhodob\u00e9 rezervace jen po dohod\u011b s TJ FC Hn\u011bvot\u00edn. Pro v\u00edce informac\u00ed kontaktujte na \u010d\u00edsle : 733505886<\/p>\n","protected":false},"author":2,"featured_media":0,"parent":0,"menu_order":0,"comment_status":"closed","ping_status":"closed","template":"","meta":{"_mo_disable_npp":"","footnotes":""},"class_list":["post-4243","page","type-page","status-publish","hentry"],"_links":{"self":[{"href":"https:\/\/fchnevotin.cz\/index.php?rest_route=\/wp\/v2\/pages\/4243","targetHints":{"allow":["GET"]}}],"collection":[{"href":"https:\/\/fchnevotin.cz\/index.php?rest_route=\/wp\/v2\/pages"}],"about":[{"href":"https:\/\/fchnevotin.cz\/index.php?rest_route=\/wp\/v2\/types\/page"}],"author":[{"embeddable":true,"href":"https:\/\/fchnevotin.cz\/index.php?rest_route=\/wp\/v2\/users\/2"}],"replies":[{"embeddable":true,"href":"https:\/\/fchnevotin.cz\/index.php?rest_route=%2Fwp%2Fv2%2Fcomments&post=4243"}],"version-history":[{"count":4,"href":"https:\/\/fchnevotin.cz\/index.php?rest_route=\/wp\/v2\/pages\/4243\/revisions"}],"predecessor-version":[{"id":6002,"href":"https:\/\/fchnevotin.cz\/index.php?rest_route=\/wp\/v2\/pages\/4243\/revisions\/6002"}],"wp:attachment":[{"href":"https:\/\/fchnevotin.cz\/index.php?rest_route=%2Fwp%2Fv2%2Fmedia&parent=4243"}],"curies":[{"name":"wp","href":"https:\/\/api.w.org\/{rel}","templated":true}]}}