{"id":4233,"date":"2019-04-25T20:24:49","date_gmt":"2019-04-25T20:24:49","guid":{"rendered":"https:\/\/fchnevotin.cz\/?page_id=4233"},"modified":"2026-04-21T16:10:37","modified_gmt":"2026-04-21T14:10:37","slug":"mladsi-zaci-tabulky-vysledky-a-statistiky","status":"publish","type":"page","link":"https:\/\/fchnevotin.cz\/?page_id=4233","title":{"rendered":"Mlad\u0161\u00ed \u017e\u00e1ci tabulky, v\u00fdsledky a statistiky"},"content":{"rendered":"\n<figure class=\"wp-block-image size-large\"><a href=\"https:\/\/fchnevotin.cz\/wp-content\/uploads\/2026\/04\/mladsi-zaci-tabulka-o-1.-10.-misto-po-1.-zapase.jpg\"><img loading=\"lazy\" decoding=\"async\" width=\"724\" height=\"1024\" src=\"https:\/\/fchnevotin.cz\/wp-content\/uploads\/2026\/04\/mladsi-zaci-tabulka-o-1.-10.-misto-po-1.-zapase-724x1024.jpg\" alt=\"\" class=\"wp-image-6345\" srcset=\"https:\/\/fchnevotin.cz\/wp-content\/uploads\/2026\/04\/mladsi-zaci-tabulka-o-1.-10.-misto-po-1.-zapase-724x1024.jpg 724w, https:\/\/fchnevotin.cz\/wp-content\/uploads\/2026\/04\/mladsi-zaci-tabulka-o-1.-10.-misto-po-1.-zapase-212x300.jpg 212w, https:\/\/fchnevotin.cz\/wp-content\/uploads\/2026\/04\/mladsi-zaci-tabulka-o-1.-10.-misto-po-1.-zapase-768x1086.jpg 768w, https:\/\/fchnevotin.cz\/wp-content\/uploads\/2026\/04\/mladsi-zaci-tabulka-o-1.-10.-misto-po-1.-zapase-1086x1536.jpg 1086w, https:\/\/fchnevotin.cz\/wp-content\/uploads\/2026\/04\/mladsi-zaci-tabulka-o-1.-10.-misto-po-1.-zapase.jpg 1240w\" sizes=\"auto, (max-width: 724px) 100vw, 724px\" \/><\/a><\/figure>\n","protected":false},"excerpt":{"rendered":"","protected":false},"author":2,"featured_media":0,"parent":0,"menu_order":0,"comment_status":"closed","ping_status":"closed","template":"","meta":{"_mo_disable_npp":"","footnotes":""},"class_list":["post-4233","page","type-page","status-publish","hentry"],"_links":{"self":[{"href":"https:\/\/fchnevotin.cz\/index.php?rest_route=\/wp\/v2\/pages\/4233","targetHints":{"allow":["GET"]}}],"collection":[{"href":"https:\/\/fchnevotin.cz\/index.php?rest_route=\/wp\/v2\/pages"}],"about":[{"href":"https:\/\/fchnevotin.cz\/index.php?rest_route=\/wp\/v2\/types\/page"}],"author":[{"embeddable":true,"href":"https:\/\/fchnevotin.cz\/index.php?rest_route=\/wp\/v2\/users\/2"}],"replies":[{"embeddable":true,"href":"https:\/\/fchnevotin.cz\/index.php?rest_route=%2Fwp%2Fv2%2Fcomments&post=4233"}],"version-history":[{"count":10,"href":"https:\/\/fchnevotin.cz\/index.php?rest_route=\/wp\/v2\/pages\/4233\/revisions"}],"predecessor-version":[{"id":6346,"href":"https:\/\/fchnevotin.cz\/index.php?rest_route=\/wp\/v2\/pages\/4233\/revisions\/6346"}],"wp:attachment":[{"href":"https:\/\/fchnevotin.cz\/index.php?rest_route=%2Fwp%2Fv2%2Fmedia&parent=4233"}],"curies":[{"name":"wp","href":"https:\/\/api.w.org\/{rel}","templated":true}]}}