{"id":3847,"date":"2018-11-16T13:33:40","date_gmt":"2018-11-16T13:33:40","guid":{"rendered":"http:\/\/fotbal.vsenejzanej.cz\/?page_id=3847"},"modified":"2025-03-27T15:19:59","modified_gmt":"2025-03-27T15:19:59","slug":"dokumenty","status":"publish","type":"page","link":"https:\/\/fchnevotin.cz\/?page_id=3847","title":{"rendered":"Dokumenty"},"content":{"rendered":"<div><a href=\"https:\/\/fchnevotin.cz\/?attachment_id=5916\" rel=\"attachment wp-att-5916\">Stanovy spolku TJ FC Hn\u011bvot\u00edn, z.s.<\/a><\/div>\n<div><a href=\"https:\/\/fchnevotin.cz\/wp-content\/uploads\/2018\/11\/N\u00e1v\u0161t\u011bvn\u00ed-\u0159\u00e1d-sportovn\u00edho-are\u00e1lu.pdf\">N\u00e1v\u0161t\u011bvn\u00ed \u0159\u00e1d sportovn\u00edho are\u00e1lu<\/a><\/div>\n","protected":false},"excerpt":{"rendered":"<p>Stanovy spolku TJ FC Hn\u011bvot\u00edn, z.s. N\u00e1v\u0161t\u011bvn\u00ed \u0159\u00e1d sportovn\u00edho are\u00e1lu<\/p>\n","protected":false},"author":1,"featured_media":0,"parent":0,"menu_order":0,"comment_status":"closed","ping_status":"closed","template":"","meta":{"_mo_disable_npp":"","footnotes":""},"class_list":["post-3847","page","type-page","status-publish","hentry"],"_links":{"self":[{"href":"https:\/\/fchnevotin.cz\/index.php?rest_route=\/wp\/v2\/pages\/3847","targetHints":{"allow":["GET"]}}],"collection":[{"href":"https:\/\/fchnevotin.cz\/index.php?rest_route=\/wp\/v2\/pages"}],"about":[{"href":"https:\/\/fchnevotin.cz\/index.php?rest_route=\/wp\/v2\/types\/page"}],"author":[{"embeddable":true,"href":"https:\/\/fchnevotin.cz\/index.php?rest_route=\/wp\/v2\/users\/1"}],"replies":[{"embeddable":true,"href":"https:\/\/fchnevotin.cz\/index.php?rest_route=%2Fwp%2Fv2%2Fcomments&post=3847"}],"version-history":[{"count":8,"href":"https:\/\/fchnevotin.cz\/index.php?rest_route=\/wp\/v2\/pages\/3847\/revisions"}],"predecessor-version":[{"id":5917,"href":"https:\/\/fchnevotin.cz\/index.php?rest_route=\/wp\/v2\/pages\/3847\/revisions\/5917"}],"wp:attachment":[{"href":"https:\/\/fchnevotin.cz\/index.php?rest_route=%2Fwp%2Fv2%2Fmedia&parent=3847"}],"curies":[{"name":"wp","href":"https:\/\/api.w.org\/{rel}","templated":true}]}}