{"id":3841,"date":"2018-11-16T13:26:50","date_gmt":"2018-11-16T13:26:50","guid":{"rendered":"http:\/\/fotbal.vsenejzanej.cz\/?page_id=3841"},"modified":"2018-11-16T13:28:17","modified_gmt":"2018-11-16T13:28:17","slug":"historie","status":"publish","type":"page","link":"https:\/\/fchnevotin.cz\/?page_id=3841","title":{"rendered":"Historie"},"content":{"rendered":"<div>\n<h1 align=\"center\"><strong>Po\u010d\u00e1tky kopan\u00e9 v Hn\u011bvot\u00edn\u011b<\/strong><\/h1>\n<p>Vznik Sokola v Hn\u011bvot\u00edn\u011b se datuje ke dni 9. prosince 1934, kdy zah\u00e1jil \u010dinnost spolek pod n\u00e1zvem TJ Sokol Hn\u011bvot\u00edn. Rekrea\u010dn\u00ed kopan\u00e1 v Hn\u011bvot\u00edn\u011b se hr\u00e1la ji\u017e p\u0159ed druhou sv\u011btovou v\u00e1lkou. Hr\u00e1valo se nave\u010der, po pr\u00e1ci, oby\u010dejn\u011b o 7-8 hr\u00e1\u010d\u00edch podle toho, kolik se se\u0161lo. Hr\u00e1valo se p\u0159ed hasi\u010dskou zbrojnic\u00ed, tzv, Raj\u010dud\u016f. Branky byly z chmelovic a p\u0159\u00edmo na plot\u011b. Skoro uprost\u0159ed st\u00e1l vysok\u00fd su\u0161\u00e1k na hadice. Po skon\u010den\u00ed v\u00e1lky nastala touha \u010dlen\u016f Sokola zalo\u017eit \u0159\u00e1dnou kopanou v Hn\u011bvot\u00edn\u011b. Prvn\u00ed h\u0159i\u0161t\u011b, kter\u00e9 bylo uzpraveno pro kopanou, bylo u potoka za Onderkov\u00fdmi, st\u00e1vaj\u00edc\u00ed plocha byla roz\u0161\u00ed\u0159ena i o b\u00fdval\u00fd v\u00fdb\u011bh pro dobytek. \u0160atny v t\u00e9 dob\u011b nebyly a p\u0159evl\u00e9kalo se u Tulp\u016f. Velk\u00e9 pot\u00ed\u017ee byly se sousedy h\u0159i\u0161t\u011b, to kdy\u017e v zahrad\u011b kon\u010d\u00edvaly zakopnut\u00e9 m\u00ed\u010de. Ji\u017e v roce 1946 bylo zorganizov\u00e1no n\u011bkolik p\u0159\u00e1telsk\u00fdch utk\u00e1n\u00ed s T\u011b\u0161eticemi, Vojnicemi, N\u00e1m\u011b\u0161t\u00ed a Ol\u0161anami. Na podzim roku 1950 byla svol\u00e1na sch\u016fze a zalo\u017een odd\u00edl kopan\u00e9 pod Sokolem. Prvn\u00edm p\u0159edsedou byl Josef Kom\u00ednek.<\/p>\n<p>Mistrovsk\u00e1 utk\u00e1n\u00ed se za\u010dala hr\u00e1t na ja\u0159e 1951. Prvn\u00ed z\u00e1pas nevy\u0161el, Hn\u011bvot\u00edn prohr\u00e1l s\u00a0N\u00e1m\u011b\u0161t\u00ed 3:12. Sezona v\u0161ak skon\u010dila dob\u0159e, mu\u017estvo se um\u00edstilo v\u00a0horn\u00ed polovin\u011b tabulky. Prvn\u00ed mistrovsk\u00e9 g\u00f3ly vst\u0159elili Karel Kab\u00e1t, Alois Valenta a Radek Tulpa. V\u00a0tomto roce se za\u010dalo s\u00a0v\u00fdstavbou nov\u00e9ho h\u0159i\u0161t\u011b po lev\u00e9 stran\u011b u v\u00fdjezdu na Topolany, kde je h\u0159i\u0161t\u011b um\u00edst\u011bno i nyn\u00ed.<\/p>\n<p><img loading=\"lazy\" decoding=\"async\" class=\"aligncenter\" src=\"https:\/\/fc-hnevotin.webnode.cz\/_files\/200000042-c74b4c94e6\/1951-2.jpg\" alt=\"\" width=\"400\" height=\"282\" \/><\/p>\n<p>V\u00a0roce 1952 vstoupilo mu\u017estvo do sout\u011b\u017ee s\u00a0posilami a na v\u00fdsledc\u00edch to bylo zn\u00e1t, zejm\u00e9na co se t\u00fd\u010de vst\u0159elen\u00fdch g\u00f3l\u016f \u2013 Hn\u011bvot\u00edn-N.Sady 8:3, Dolany-Hn\u011bvot\u00edn 1:5 a prvn\u00ed podzimn\u00ed utk\u00e1n\u00ed Hn\u011bvot\u00edn-Nemilany 5:3. Za cel\u00fd podzim mu\u017estvo ztratilo jen 3 body a to za rem\u00edzu v\u00a0Dolanech a prohrou s\u00a0M\u017d Olomouc \u2013 tento z\u00e1pad nebyl dohr\u00e1n, mu\u017estvo Hn\u011bvot\u00edna ode\u0161lo ze h\u0159i\u0161t\u011b. Tento rok byl zakl\u00e1daj\u00edc\u00edm rokem na\u0161ich \u017e\u00e1k\u016f.<\/p>\n<p><img loading=\"lazy\" decoding=\"async\" class=\"aligncenter\" src=\"https:\/\/fc-hnevotin.webnode.cz\/_files\/200000043-b67fdb801b\/1952-1.jpg\" alt=\"\" width=\"400\" height=\"287\" \/><\/p>\n<p>Rok 1953<\/p>\n<p>Tento rok za\u010dalo mu\u017estvo sez\u00f3nu hr\u00e1t na nov\u00e9m travnat\u00e9m h\u0159i\u0161ti na Topol\u010dansk\u00e9 ulici, kde byly ji\u017e postaveny d\u0159ev\u011bn\u00e9 \u0161atny za spodn\u00ed brankou. Nejv\u011bt\u0161\u00edho v\u00edt\u011bzstv\u00ed v tomto roce bylo dosa\u017eeno v utk\u00e1n\u00ed se Spartakem Lut\u00edin II v pom\u011bru 13:0. Organizovanou sout\u011b\u017e v kopan\u00e9 za\u010dalo v tomto roce i mu\u017estvo \u017e\u00e1k\u016f. Dorostenci za\u010d\u00ednaj\u00ed hr\u00e1t v organizovan\u00e9 sout\u011b\u017ei na podzim roku 1954. V tomto ro\u010dn\u00edku na\u0161i dorostenci vyhr\u00e1li svoji skupinu, kdy\u017e v cel\u00e9 sout\u011b\u017ei ztratili jen 1 bod za rem\u00edzu na h\u0159i\u0161ti M\u017d Olomouc 0:0.<\/p>\n<p><img loading=\"lazy\" decoding=\"async\" class=\"aligncenter\" src=\"https:\/\/fc-hnevotin.webnode.cz\/_files\/200000044-8da4d8f91d\/1953-1.jpg\" alt=\"\" width=\"400\" height=\"285\" \/><br \/>\nA\u017e do roku 1962 byly v\u00fdsledky mu\u017estva dosp\u011bl\u00fdch dorostenc\u016f i \u017e\u00e1k\u016f pr\u016fm\u011brn\u00e9, mu\u017estva se um\u00eds\u0165ovala v polovin\u011b tabulek. V tomto obdob\u00ed se m\u011bnilo zejm\u00e9na slo\u017een\u00ed v\u00fdboru a bylo p\u0159ikro\u010deno k v\u00fdstavb\u011b \u0161aten. V sez\u00f3n\u011b 1962\/63 mu\u017ei vyhr\u00e1li svou skupinu a postoupili do III.t\u0159\u00eddy. Na podzim 1964 mu\u017estvo vedlo v polovin\u011b sout\u011b\u017ee svou skupinu. Bohu\u017eel v roce 1965 bylo mu\u017estvo oslabeno o 2 kl\u00ed\u010dov\u00e9 hr\u00e1\u010de, co\u017e se projevilo slab\u0161\u00ed v\u00fdkonnost\u00ed a sestupem na jeden rok do IV.t\u0159\u00eddy.<\/p>\n<p><img loading=\"lazy\" decoding=\"async\" class=\"aligncenter\" src=\"https:\/\/fc-hnevotin.webnode.cz\/_files\/200000046-db8dcdc85d\/1962 dorost-1.jpg\" alt=\"\" width=\"400\" height=\"281\" \/><\/p>\n<p><img loading=\"lazy\" decoding=\"async\" class=\"aligncenter\" src=\"https:\/\/fc-hnevotin.webnode.cz\/_files\/200000045-6165b635c9\/1962-1.jpg\" alt=\"\" width=\"400\" height=\"282\" \/><\/p>\n<p>V roce 1966 byl op\u011bt vybojov\u00e1n postup do III.t\u0159\u00eddy. V tomto roce ji\u017e nov\u00e9 \u0161atny a zast\u0159e\u0161en\u00fd s\u00e1l slou\u017eily sv\u00e9mu \u00fa\u010delu. O v\u00fdstavbu se postarali \u010dlenov\u00e9 odpracov\u00e1n\u00edm v\u00edce ne\u017e 1570 brig\u00e1dnick\u00fdch hodin. V dal\u0161\u00edm roce byly dokon\u010deny \u00fapravy \u0161aten. V letn\u00edch m\u011bs\u00edc\u00edch byl na h\u0159i\u0161ti uspo\u0159\u00e1d\u00e1n I.letn\u00ed karneval s hojnou \u00fa\u010dast\u00ed lid\u00ed.<\/p>\n<p>&nbsp;<\/p>\n<p>Za jednu z\u00a0nej\u00fasp\u011b\u0161n\u011bj\u0161\u00edch sez\u00f3n do t\u00e9 doby lze pova\u017eovat rok 1969, kdy mu\u017estvo obsadilo ve III.t\u0159\u00eddy druh\u00e9 m\u00edsto, dorost \u010dtvrt\u00e9 m\u00edsto a \u017e\u00e1ci \u010dtvrt\u00e9 m\u00edsto. V\u00a0roce 1972 bylo zru\u0161eno dru\u017estvo dorostenc\u016f z\u00a0d\u016fvodu mal\u00e9ho po\u010dtu hr\u00e1\u010d\u016f a rovn\u011b\u017e z\u00a0finan\u010dn\u00edch d\u016fvod\u016f.<\/p>\n<p>&nbsp;<\/p>\n<p>Dal\u0161\u00ed \u00fasp\u011b\u0161n\u00e9 obdob\u00ed kopan\u00e9 za\u010d\u00edn\u00e1 v\u00a0roce 1978, kdy mu\u017estvo s\u00a0n\u00e1skokem 8 bod\u016f vyhr\u00e1lo IV.t\u0159\u00eddu. Od t\u00e9 doby stoupalo v\u00a0dal\u0161\u00edm obdob\u00ed do vy\u0161\u0161\u00edch sout\u011b\u017e\u00ed. V\u00a0roce 1980 zapo\u010dala rekonstrukce a nadstavba \u0161aten, rovn\u011b\u017e zapo\u010dala v\u00fdstavba tenisov\u00e9ho h\u0159i\u0161t\u011b.<\/p>\n<p>&nbsp;<\/p>\n<p>Rok 1981 byl rokem 30.v\u00fdro\u010d\u00ed zalo\u017een\u00ed odd\u00edlu kopan\u00e9. V\u00a0dopoledn\u00edch hodin\u00e1ch 1.srpna prob\u011bhla slavnostn\u00ed \u010dlensk\u00e1 sch\u016fze, odpoledne pak se na h\u0159i\u0161ti uskute\u010dnil z\u00e1pas TJ Sokol Hn\u011bvot\u00edn versus Internacion\u00e1lov\u00e9 Slavie Praha s\u00a0v\u00fdsledkem 1:1, na pokutov\u00e9 kopy 3:2 pro Hn\u011bvot\u00edn. Slavnostn\u00ed v\u00fdkop tohoto historick\u00e9ho utk\u00e1n\u00ed provedl legend\u00e1rn\u00ed st\u0159elec Pepi Bican.<\/p>\n<p>&nbsp;<\/p>\n<p>V\u00a0roce 1985 m\u00e1 odd\u00edl nejv\u011bt\u0161\u00ed \u010dlenskou z\u00e1kladnu a to 165 osob. V\u00a0are\u00e1lu h\u0159i\u0161t\u011b se uskute\u010dnila m\u00edstn\u00ed spartaki\u00e1da se \u010dty\u0159mi skladbami. Dru\u017estvo mu\u017e\u016f skon\u010dilo na druh\u00e9m m\u00edst\u011b III.t\u0159\u00eddy. V\u00a0tomto roce se vy\u0159e\u0161il nedostatek vody pro \u0161atny vykop\u00e1n\u00edm nov\u00e9 studny vedle tenisov\u00e9ho kurtu, rovn\u011b\u017e byla provedena\u00a0venkovn\u00ed fas\u00e1da \u0161aten a vybudov\u00e1na zd\u011bn\u00e1 ud\u00edrna.<\/p>\n<p><img loading=\"lazy\" decoding=\"async\" class=\"aligncenter\" src=\"https:\/\/fc-hnevotin.webnode.cz\/_files\/200000041-daf69dc18b\/1985-11.jpg\" alt=\"\" width=\"400\" height=\"266\" \/><\/p>\n<\/div>\n","protected":false},"excerpt":{"rendered":"<p>Po\u010d\u00e1tky kopan\u00e9 v Hn\u011bvot\u00edn\u011b Vznik Sokola v Hn\u011bvot\u00edn\u011b se datuje ke dni 9. prosince 1934, kdy zah\u00e1jil \u010dinnost spolek pod n\u00e1zvem TJ Sokol Hn\u011bvot\u00edn. Rekrea\u010dn\u00ed kopan\u00e1 v Hn\u011bvot\u00edn\u011b se hr\u00e1la ji\u017e p\u0159ed druhou sv\u011btovou v\u00e1lkou. Hr\u00e1valo se nave\u010der, po pr\u00e1ci, oby\u010dejn\u011b o 7-8 hr\u00e1\u010d\u00edch podle toho, kolik se se\u0161lo. Hr\u00e1valo se p\u0159ed hasi\u010dskou zbrojnic\u00ed, tzv,&#8230; <\/p>\n<div class=\"clear\"><\/div>\n<p><a href=\"https:\/\/fchnevotin.cz\/?page_id=3841\" class=\"excerpt-read-more\">\u010ct\u011bte v\u00edce<\/a><\/p>\n","protected":false},"author":1,"featured_media":0,"parent":0,"menu_order":0,"comment_status":"closed","ping_status":"closed","template":"","meta":{"_mo_disable_npp":"","footnotes":""},"class_list":["post-3841","page","type-page","status-publish","hentry"],"_links":{"self":[{"href":"https:\/\/fchnevotin.cz\/index.php?rest_route=\/wp\/v2\/pages\/3841","targetHints":{"allow":["GET"]}}],"collection":[{"href":"https:\/\/fchnevotin.cz\/index.php?rest_route=\/wp\/v2\/pages"}],"about":[{"href":"https:\/\/fchnevotin.cz\/index.php?rest_route=\/wp\/v2\/types\/page"}],"author":[{"embeddable":true,"href":"https:\/\/fchnevotin.cz\/index.php?rest_route=\/wp\/v2\/users\/1"}],"replies":[{"embeddable":true,"href":"https:\/\/fchnevotin.cz\/index.php?rest_route=%2Fwp%2Fv2%2Fcomments&post=3841"}],"version-history":[{"count":4,"href":"https:\/\/fchnevotin.cz\/index.php?rest_route=\/wp\/v2\/pages\/3841\/revisions"}],"predecessor-version":[{"id":3844,"href":"https:\/\/fchnevotin.cz\/index.php?rest_route=\/wp\/v2\/pages\/3841\/revisions\/3844"}],"wp:attachment":[{"href":"https:\/\/fchnevotin.cz\/index.php?rest_route=%2Fwp%2Fv2%2Fmedia&parent=3841"}],"curies":[{"name":"wp","href":"https:\/\/api.w.org\/{rel}","templated":true}]}}